{"id":216,"date":"2024-09-16T13:40:00","date_gmt":"2024-09-16T13:40:00","guid":{"rendered":"https:\/\/www.sindmaratibaia.com.br\/wp\/?page_id=216"},"modified":"2024-10-24T17:58:21","modified_gmt":"2024-10-24T17:58:21","slug":"boletos","status":"publish","type":"page","link":"https:\/\/www.sindmaratibaia.com.br\/wp\/boletos\/","title":{"rendered":"Boletos"},"content":{"rendered":"\n<p class=\"has-text-align-center has-black-color has-text-color has-link-color wp-elements-03fe24a3f21a9e19deefd710b9b47c9b\" style=\"font-size:21px;font-style:normal;font-weight:500\">As solicita\u00e7\u00f5es de boletos devem ser enviadas para o e-mail&nbsp;<a href=\"mailto:cadastro@sindmaratibaia.com.br\">cadastro@sindmaratibaia.com.br<\/a><\/p>\n\n\n\n<div class=\"wp-block-media-text is-stacked-on-mobile is-vertically-aligned-center\" style=\"grid-template-columns:20% auto\"><figure class=\"wp-block-media-text__media\"><img loading=\"lazy\" decoding=\"async\" width=\"768\" height=\"1024\" src=\"https:\/\/www.sindmaratibaia.com.br\/wp\/wp-content\/uploads\/2024\/09\/cropped-circular_home-768x1024.jpg\" alt=\"\" class=\"wp-image-262 size-full\" srcset=\"https:\/\/www.sindmaratibaia.com.br\/wp\/wp-content\/uploads\/2024\/09\/cropped-circular_home-768x1025.jpg 768w, https:\/\/www.sindmaratibaia.com.br\/wp\/wp-content\/uploads\/2024\/09\/cropped-circular_home-225x300.jpg 225w, https:\/\/www.sindmaratibaia.com.br\/wp\/wp-content\/uploads\/2024\/09\/cropped-circular_home-1151x1536.jpg 1151w, https:\/\/www.sindmaratibaia.com.br\/wp\/wp-content\/uploads\/2024\/09\/cropped-circular_home-1024x1366.jpg 1024w, https:\/\/www.sindmaratibaia.com.br\/wp\/wp-content\/uploads\/2024\/09\/cropped-circular_home-810x1080.jpg 810w, https:\/\/www.sindmaratibaia.com.br\/wp\/wp-content\/uploads\/2024\/09\/cropped-circular_home.jpg 1473w\" sizes=\"(max-width: 768px) 100vw, 768px\" \/><\/figure><div class=\"wp-block-media-text__content\">\n<p class=\"has-black-color has-text-color has-link-color wp-elements-e28d24f5974670477c591655bf3c48e4\" style=\"font-size:21px;font-style:normal;font-weight:600\"><mark style=\"background-color:#abb8c3\" class=\"has-inline-color has-black-color\">No corpo do e-mail enviar:<\/mark><\/p>\n\n\n\n<p class=\"has-black-color has-text-color has-link-color wp-elements-c3c8efcbb2e76305d938c4a08f8df713\" style=\"font-size:18px;font-style:normal;font-weight:700\">-Compet\u00eancia<br>-CNPJ<br>-Valor da guia<br>-Relat\u00f3rio das contribui\u00e7\u00f5es (que conste o nome e valores separados de cada contribuinte)<\/p>\n<\/div><\/div>\n\n\n\n<p><\/p>\n","protected":false},"excerpt":{"rendered":"<p>As solicita\u00e7\u00f5es de boletos devem ser enviadas para o e-mail&nbsp;cadastro@sindmaratibaia.com.br No corpo do e-mail enviar: -Compet\u00eancia-CNPJ-Valor da guia-Relat\u00f3rio das contribui\u00e7\u00f5es (que conste o nome e valores separados de cada contribuinte)<\/p>\n","protected":false},"author":1,"featured_media":0,"parent":0,"menu_order":0,"comment_status":"closed","ping_status":"closed","template":"","meta":{"_eb_attr":"","footnotes":""},"class_list":["post-216","page","type-page","status-publish","hentry"],"_links":{"self":[{"href":"https:\/\/www.sindmaratibaia.com.br\/wp\/wp-json\/wp\/v2\/pages\/216"}],"collection":[{"href":"https:\/\/www.sindmaratibaia.com.br\/wp\/wp-json\/wp\/v2\/pages"}],"about":[{"href":"https:\/\/www.sindmaratibaia.com.br\/wp\/wp-json\/wp\/v2\/types\/page"}],"author":[{"embeddable":true,"href":"https:\/\/www.sindmaratibaia.com.br\/wp\/wp-json\/wp\/v2\/users\/1"}],"replies":[{"embeddable":true,"href":"https:\/\/www.sindmaratibaia.com.br\/wp\/wp-json\/wp\/v2\/comments?post=216"}],"version-history":[{"count":15,"href":"https:\/\/www.sindmaratibaia.com.br\/wp\/wp-json\/wp\/v2\/pages\/216\/revisions"}],"predecessor-version":[{"id":805,"href":"https:\/\/www.sindmaratibaia.com.br\/wp\/wp-json\/wp\/v2\/pages\/216\/revisions\/805"}],"wp:attachment":[{"href":"https:\/\/www.sindmaratibaia.com.br\/wp\/wp-json\/wp\/v2\/media?parent=216"}],"curies":[{"name":"wp","href":"https:\/\/api.w.org\/{rel}","templated":true}]}}