{"id":24,"date":"2024-07-04T21:55:11","date_gmt":"2024-07-04T21:55:11","guid":{"rendered":"https:\/\/www.sindmaratibaia.com.br\/wp\/?page_id=24"},"modified":"2024-10-10T20:18:40","modified_gmt":"2024-10-10T20:18:40","slug":"sobre-nos","status":"publish","type":"page","link":"https:\/\/www.sindmaratibaia.com.br\/wp\/sobre-nos\/","title":{"rendered":"Sobre n\u00f3s"},"content":{"rendered":"\n<div class=\"wp-block-media-text is-stacked-on-mobile is-vertically-aligned-top\" style=\"grid-template-columns:28% auto\"><figure class=\"wp-block-media-text__media\"><img loading=\"lazy\" decoding=\"async\" width=\"509\" height=\"1024\" src=\"https:\/\/www.sindmaratibaia.com.br\/wp\/wp-content\/uploads\/2024\/09\/presidente-1-509x1024.jpg\" alt=\"\" class=\"wp-image-88 size-full\" srcset=\"https:\/\/www.sindmaratibaia.com.br\/wp\/wp-content\/uploads\/2024\/09\/presidente-1-509x1024.jpg 509w, https:\/\/www.sindmaratibaia.com.br\/wp\/wp-content\/uploads\/2024\/09\/presidente-1-149x300.jpg 149w, https:\/\/www.sindmaratibaia.com.br\/wp\/wp-content\/uploads\/2024\/09\/presidente-1-768x1546.jpg 768w, https:\/\/www.sindmaratibaia.com.br\/wp\/wp-content\/uploads\/2024\/09\/presidente-1-763x1536.jpg 763w, https:\/\/www.sindmaratibaia.com.br\/wp\/wp-content\/uploads\/2024\/09\/presidente-1-537x1080.jpg 537w, https:\/\/www.sindmaratibaia.com.br\/wp\/wp-content\/uploads\/2024\/09\/presidente-1.jpg 889w\" sizes=\"(max-width: 509px) 100vw, 509px\" \/><\/figure><div class=\"wp-block-media-text__content\">\n<div class=\"wp-block-group has-black-color has-text-color has-link-color wp-elements-aa25b7509ab038ac767910530f2b3cc8\"><div class=\"wp-block-group__inner-container is-layout-constrained wp-block-group-is-layout-constrained\">\n<div class=\"wp-block-group\"><div class=\"wp-block-group__inner-container is-layout-constrained wp-block-group-is-layout-constrained\">\n<p class=\"has-black-color has-text-color has-link-color wp-elements-b829fa95d96b43fcc95eb2130da65386\" style=\"font-style:normal;font-weight:600\">No in\u00edcio dos anos 2000, o Sr. Jos\u00e9 Barbosa dos Santos, ent\u00e3o presidente do Sincoverg, reconheceu a import\u00e2ncia do desmembramento da base sindical de Guarulhos para otimizar o atendimento \u00e0s demandas da categoria. Ent\u00e3o munido de uma procura\u00e7\u00e3o da federa\u00e7\u00e3o, ele requereu o referido desmembramento.<\/p>\n\n\n\n<p class=\"has-black-color has-text-color has-link-color wp-elements-7da3f653d167ecede3017d178a0004a7\" style=\"font-style:normal;font-weight:600\">Em 12\/06\/2000, durante uma assembleia realizada \u00e0s 10h30, uma Comiss\u00e3o diretora provis\u00f3ria foi eleita, composta por Jos\u00e9 Barbosa dos Santos, Jos\u00e9 Martins dos Santos, Jos\u00e9 Alves da Silva e Almir Dias Borges. A assembleia ocorreu na Rua Adolfo Andr\u00e9 n\u00ba 901, que tamb\u00e9m foi a primeira sede do SINDMAR.<\/p>\n\n\n\n<p class=\"has-black-color has-text-color has-link-color wp-elements-0d1dfdc63ebdb6c0735cedb707e5c509\" style=\"font-style:normal;font-weight:600\">Em 2002, realizou-se a primeira elei\u00e7\u00e3o da diretoria, sendo eleito o Sr Jos\u00e9 Martins dos Santos como presidente, Leonardo de Moraes como vice-presidente, Jos\u00e9 Barbosa dos Santos como tesoureiro, entre outros, totalizando 13 diretores.<\/p>\n\n\n\n<p class=\"has-black-color has-text-color has-link-color wp-elements-763e46b664c165593a5c30a97a5d034a\" style=\"font-style:normal;font-weight:600\">As elei\u00e7\u00f5es subsequentes ocorreram nos anos de 2008, 2012 e 2018.<\/p>\n\n\n\n<p class=\"has-black-color has-text-color has-link-color wp-elements-7c01d3694c05141b713427d9e146ad72\" style=\"font-style:normal;font-weight:600\">Durante o mandato de 2018, o presidente Jos\u00e9 Martins dos Santos faleceu no dia 25\/06\/2021, tendo a presid\u00eancia do sindicato assumida pelo Sr. Jorge Camargo Batista.<\/p>\n\n\n\n<p class=\"has-black-color has-text-color has-link-color wp-elements-2c0ec0dd0395fb75cb42502393715969\" style=\"font-style:normal;font-weight:600\">Agora sob nova dire\u00e7\u00e3o, o Sindicato tem apresentado significativas conquistas e t\u00eam se ampliado, estreitando os la\u00e7os com os trabalhadores da categoria.<\/p>\n\n\n\n<p class=\"has-black-color has-text-color has-link-color wp-elements-4afcd5847f61851332bd3fc8acd3a6c9\" style=\"font-style:normal;font-weight:600\">Em 2024, o sindicato completou 24 anos de exist\u00eancia, celebrando diversas conquistas, como passe livre , vale-refei\u00e7\u00e3o, conv\u00eanio odontol\u00f3gico, conv\u00eanio m\u00e9dico, entre outros.<\/p>\n\n\n\n<p class=\"has-black-color has-text-color has-link-color wp-elements-b588d6f683835d027f58453e4b280b8d\" style=\"font-style:normal;font-weight:600\">O Sindmar permanecer\u00e1 empenhado em melhorar as condi\u00e7\u00f5es de trabalho e em garantir um ambiente seguro, justo e digno para os motoristas exercerem suas fun\u00e7\u00f5es. Promover\u00e1 uma cultura de trabalho colaborativa e respeitosa, onde cada trabalhador se sinta valorizado e reconhecido por sua\u00a0contribui\u00e7\u00e3o.   <\/p>\n\n\n\n<p class=\"has-black-color has-text-color has-link-color wp-elements-a2fa3e9a3e0815cb8bc6b3ffd35021a5\" style=\"font-style:normal;font-weight:600\">      <\/p>\n\n\n\n<p><\/p>\n<\/div><\/div>\n<\/div><\/div>\n\n\n\n<p style=\"font-style:normal;font-weight:500\">   <\/p>\n<\/div><\/div>\n\n\n\n<hr class=\"wp-block-separator has-alpha-channel-opacity\"\/>\n\n\n<div class=\"wp-block-image\">\n<figure class=\"aligncenter size-large\"><img loading=\"lazy\" decoding=\"async\" width=\"1024\" height=\"685\" src=\"https:\/\/www.sindmaratibaia.com.br\/wp\/wp-content\/uploads\/2024\/09\/foto_participantes-1024x685.jpg\" alt=\"\" class=\"wp-image-189\" srcset=\"https:\/\/www.sindmaratibaia.com.br\/wp\/wp-content\/uploads\/2024\/09\/foto_participantes-1024x685.jpg 1024w, https:\/\/www.sindmaratibaia.com.br\/wp\/wp-content\/uploads\/2024\/09\/foto_participantes-300x201.jpg 300w, https:\/\/www.sindmaratibaia.com.br\/wp\/wp-content\/uploads\/2024\/09\/foto_participantes-768x514.jpg 768w, https:\/\/www.sindmaratibaia.com.br\/wp\/wp-content\/uploads\/2024\/09\/foto_participantes-1536x1028.jpg 1536w, https:\/\/www.sindmaratibaia.com.br\/wp\/wp-content\/uploads\/2024\/09\/foto_participantes-1613x1080.jpg 1613w, https:\/\/www.sindmaratibaia.com.br\/wp\/wp-content\/uploads\/2024\/09\/foto_participantes.jpg 1936w\" sizes=\"(max-width: 1024px) 100vw, 1024px\" \/><\/figure><\/div>","protected":false},"excerpt":{"rendered":"","protected":false},"author":1,"featured_media":0,"parent":0,"menu_order":0,"comment_status":"closed","ping_status":"closed","template":"","meta":{"_eb_attr":"","footnotes":""},"class_list":["post-24","page","type-page","status-publish","hentry"],"_links":{"self":[{"href":"https:\/\/www.sindmaratibaia.com.br\/wp\/wp-json\/wp\/v2\/pages\/24"}],"collection":[{"href":"https:\/\/www.sindmaratibaia.com.br\/wp\/wp-json\/wp\/v2\/pages"}],"about":[{"href":"https:\/\/www.sindmaratibaia.com.br\/wp\/wp-json\/wp\/v2\/types\/page"}],"author":[{"embeddable":true,"href":"https:\/\/www.sindmaratibaia.com.br\/wp\/wp-json\/wp\/v2\/users\/1"}],"replies":[{"embeddable":true,"href":"https:\/\/www.sindmaratibaia.com.br\/wp\/wp-json\/wp\/v2\/comments?post=24"}],"version-history":[{"count":24,"href":"https:\/\/www.sindmaratibaia.com.br\/wp\/wp-json\/wp\/v2\/pages\/24\/revisions"}],"predecessor-version":[{"id":206,"href":"https:\/\/www.sindmaratibaia.com.br\/wp\/wp-json\/wp\/v2\/pages\/24\/revisions\/206"}],"wp:attachment":[{"href":"https:\/\/www.sindmaratibaia.com.br\/wp\/wp-json\/wp\/v2\/media?parent=24"}],"curies":[{"name":"wp","href":"https:\/\/api.w.org\/{rel}","templated":true}]}}